{"id":7,"date":"2026-02-10T18:18:23","date_gmt":"2026-02-10T17:18:23","guid":{"rendered":"https:\/\/etudiant44.webuco.fr\/?page_id=7"},"modified":"2026-04-29T17:47:23","modified_gmt":"2026-04-29T15:47:23","slug":"7-2","status":"publish","type":"page","link":"https:\/\/etudiant44.webuco.fr\/","title":{"rendered":"Accueil"},"content":{"rendered":"\n<div class=\"wp-block-cover has-accent-color has-text-color has-link-color has-medium-font-size wp-elements-eace6c4f9f75a8a63f66fa364fef891e wp-duotone-unset-1\" style=\"min-height:731px;aspect-ratio:unset;\"><img loading=\"lazy\" decoding=\"async\" width=\"605\" height=\"456\" class=\"wp-block-cover__image-background wp-image-131 size-full\" alt=\"\" src=\"https:\/\/etudiant44.webuco.fr\/wp-content\/uploads\/2026\/03\/Logo-Ressource-376-1.png\" data-object-fit=\"cover\" srcset=\"https:\/\/etudiant44.webuco.fr\/wp-content\/uploads\/2026\/03\/Logo-Ressource-376-1.png 605w, https:\/\/etudiant44.webuco.fr\/wp-content\/uploads\/2026\/03\/Logo-Ressource-376-1-300x226.png 300w\" sizes=\"auto, (max-width: 605px) 100vw, 605px\" \/><span aria-hidden=\"true\" class=\"wp-block-cover__background has-contrast-background-color has-background-dim\"><\/span><div class=\"wp-block-cover__inner-container is-layout-constrained wp-block-cover-is-layout-constrained\">\n<p><\/p>\n\n\n\n<p class=\"has-text-align-center has-vivid-purple-color has-text-color has-link-color wp-elements-6f20ef5c48d40e85aa5b546f49d448e1\" style=\"font-size:63px\"><\/p>\n\n\n\n<p class=\"has-text-align-center has-vivid-purple-color has-text-color has-link-color has-large-font-size wp-elements-13e1809e0c8ed3d8d175f9d0d4c473bd\"><\/p>\n<\/div><\/div>\n\n\n\n<div style=\"height:100px\" aria-hidden=\"true\" class=\"wp-block-spacer\"><\/div>\n\n\n\n<h6 data-wp-context---core-fit-text=\"core\/fit-text::{&quot;fontSize&quot;:&quot;&quot;}\" data-wp-init---core-fit-text=\"core\/fit-text::callbacks.init\" data-wp-interactive data-wp-style--font-size=\"core\/fit-text::context.fontSize\" class=\"wp-block-heading has-text-align-center has-fit-text has-x-large-font-size\">AVLON&rsquo;FEST 2026<\/h6>\n\n\n\n<div style=\"height:100px\" aria-hidden=\"true\" class=\"wp-block-spacer\"><\/div>\n\n\n\n<div class=\"wp-block-columns is-layout-flex wp-container-core-columns-is-layout-9d6595d7 wp-block-columns-is-layout-flex\">\n<div class=\"wp-block-column is-layout-flow wp-block-column-is-layout-flow\">\n<div class=\"wp-block-cover wp-duotone-purple-yellow\"><img loading=\"lazy\" decoding=\"async\" width=\"600\" height=\"743\" class=\"wp-block-cover__image-background wp-image-43\" alt=\"\" src=\"https:\/\/etudiant44.webuco.fr\/wp-content\/uploads\/2026\/02\/IshaetLimsaydAulnay-visuel-concert-olympia-paris-2-edited.jpg\" data-object-fit=\"cover\" srcset=\"https:\/\/etudiant44.webuco.fr\/wp-content\/uploads\/2026\/02\/IshaetLimsaydAulnay-visuel-concert-olympia-paris-2-edited.jpg 600w, https:\/\/etudiant44.webuco.fr\/wp-content\/uploads\/2026\/02\/IshaetLimsaydAulnay-visuel-concert-olympia-paris-2-edited-242x300.jpg 242w\" sizes=\"auto, (max-width: 600px) 100vw, 600px\" \/><span aria-hidden=\"true\" class=\"wp-block-cover__background has-background-dim\"><\/span><div class=\"wp-block-cover__inner-container is-layout-flow wp-block-cover-is-layout-flow\">\n<p class=\"has-text-align-center has-large-font-size\">LIMSA<\/p>\n<\/div><\/div>\n<\/div>\n\n\n\n<div class=\"wp-block-column is-layout-flow wp-block-column-is-layout-flow\">\n<div class=\"wp-block-cover wp-duotone-midnight\"><img loading=\"lazy\" decoding=\"async\" width=\"1024\" height=\"902\" class=\"wp-block-cover__image-background wp-image-45\" alt=\"\" src=\"https:\/\/etudiant44.webuco.fr\/wp-content\/uploads\/2026\/02\/2192-e1759305223556-1-1024x902.png\" data-object-fit=\"cover\" srcset=\"https:\/\/etudiant44.webuco.fr\/wp-content\/uploads\/2026\/02\/2192-e1759305223556-1-1024x902.png 1024w, https:\/\/etudiant44.webuco.fr\/wp-content\/uploads\/2026\/02\/2192-e1759305223556-1-300x264.png 300w, https:\/\/etudiant44.webuco.fr\/wp-content\/uploads\/2026\/02\/2192-e1759305223556-1-768x677.png 768w, https:\/\/etudiant44.webuco.fr\/wp-content\/uploads\/2026\/02\/2192-e1759305223556-1-1536x1354.png 1536w, https:\/\/etudiant44.webuco.fr\/wp-content\/uploads\/2026\/02\/2192-e1759305223556-1-2048x1805.png 2048w\" sizes=\"auto, (max-width: 1024px) 100vw, 1024px\" \/><span aria-hidden=\"true\" class=\"wp-block-cover__background has-background-dim\"><\/span><div class=\"wp-block-cover__inner-container is-layout-flow wp-block-cover-is-layout-flow\">\n<p class=\"has-text-align-center has-large-font-size\">INO CASABLANCA<\/p>\n<\/div><\/div>\n<\/div>\n\n\n\n<div class=\"wp-block-column is-layout-flow wp-block-column-is-layout-flow\">\n<div class=\"wp-block-cover wp-duotone-purple-green\"><img loading=\"lazy\" decoding=\"async\" width=\"800\" height=\"800\" class=\"wp-block-cover__image-background wp-image-18\" alt=\"\" src=\"https:\/\/etudiant44.webuco.fr\/wp-content\/uploads\/2026\/02\/site-bushi.jpg\" data-object-fit=\"cover\" srcset=\"https:\/\/etudiant44.webuco.fr\/wp-content\/uploads\/2026\/02\/site-bushi.jpg 800w, https:\/\/etudiant44.webuco.fr\/wp-content\/uploads\/2026\/02\/site-bushi-300x300.jpg 300w, https:\/\/etudiant44.webuco.fr\/wp-content\/uploads\/2026\/02\/site-bushi-150x150.jpg 150w, https:\/\/etudiant44.webuco.fr\/wp-content\/uploads\/2026\/02\/site-bushi-768x768.jpg 768w\" sizes=\"auto, (max-width: 800px) 100vw, 800px\" \/><span aria-hidden=\"true\" class=\"wp-block-cover__background has-background-dim\"><\/span><div class=\"wp-block-cover__inner-container is-layout-flow wp-block-cover-is-layout-flow\">\n<p class=\"has-text-align-center has-large-font-size\">BU$HI<\/p>\n<\/div><\/div>\n<\/div>\n<\/div>\n\n\n\n<div style=\"height:100px\" aria-hidden=\"true\" class=\"wp-block-spacer\"><\/div>\n\n\n\n<div>\n<div>\n<h1 class=\"wp-block-heading has-text-align-center has-x-large-font-size\">Rap underground, reggae, rock, house, \u00e9lectro, et bien plus encore<\/h1>\n\n\n\n<div style=\"height:100px\" aria-hidden=\"true\" class=\"wp-block-spacer\"><\/div>\n\n\n\n<div class=\"wp-block-columns is-layout-flex wp-container-core-columns-is-layout-9d6595d7 wp-block-columns-is-layout-flex\">\n<div class=\"wp-block-column is-layout-flow wp-block-column-is-layout-flow\">\n<div class=\"wp-block-cover wp-duotone-blue-red\"><img loading=\"lazy\" decoding=\"async\" width=\"1024\" height=\"682\" class=\"wp-block-cover__image-background wp-image-145\" alt=\"\" src=\"https:\/\/etudiant44.webuco.fr\/wp-content\/uploads\/2026\/03\/arton598-1024x682.jpg\" data-object-fit=\"cover\" srcset=\"https:\/\/etudiant44.webuco.fr\/wp-content\/uploads\/2026\/03\/arton598-1024x682.jpg 1024w, https:\/\/etudiant44.webuco.fr\/wp-content\/uploads\/2026\/03\/arton598-300x200.jpg 300w, https:\/\/etudiant44.webuco.fr\/wp-content\/uploads\/2026\/03\/arton598-768x511.jpg 768w, https:\/\/etudiant44.webuco.fr\/wp-content\/uploads\/2026\/03\/arton598-1536x1022.jpg 1536w, https:\/\/etudiant44.webuco.fr\/wp-content\/uploads\/2026\/03\/arton598.jpg 1600w\" sizes=\"auto, (max-width: 1024px) 100vw, 1024px\" \/><span aria-hidden=\"true\" class=\"wp-block-cover__background has-background-dim\"><\/span><div class=\"wp-block-cover__inner-container is-layout-flow wp-block-cover-is-layout-flow\">\n<p class=\"has-text-align-center has-large-font-size\">BROUSSA\u00cf<\/p>\n<\/div><\/div>\n<\/div>\n\n\n\n<div class=\"wp-block-column is-layout-flow wp-block-column-is-layout-flow\">\n<div class=\"wp-block-cover wp-duotone-000000-fcb900-2\"><img loading=\"lazy\" decoding=\"async\" width=\"1024\" height=\"427\" class=\"wp-block-cover__image-background wp-image-144\" alt=\"\" src=\"https:\/\/etudiant44.webuco.fr\/wp-content\/uploads\/2026\/03\/unnamed-1024x427.jpg\" data-object-fit=\"cover\" srcset=\"https:\/\/etudiant44.webuco.fr\/wp-content\/uploads\/2026\/03\/unnamed-1024x427.jpg 1024w, https:\/\/etudiant44.webuco.fr\/wp-content\/uploads\/2026\/03\/unnamed-300x125.jpg 300w, https:\/\/etudiant44.webuco.fr\/wp-content\/uploads\/2026\/03\/unnamed-768x320.jpg 768w, https:\/\/etudiant44.webuco.fr\/wp-content\/uploads\/2026\/03\/unnamed-1536x640.jpg 1536w, https:\/\/etudiant44.webuco.fr\/wp-content\/uploads\/2026\/03\/unnamed.jpg 1920w\" sizes=\"auto, (max-width: 1024px) 100vw, 1024px\" \/><span aria-hidden=\"true\" class=\"wp-block-cover__background has-background-dim\"><\/span><div class=\"wp-block-cover__inner-container is-layout-flow wp-block-cover-is-layout-flow\">\n<p class=\"has-text-align-center has-large-font-size\">DANAKIL<\/p>\n<\/div><\/div>\n<\/div>\n\n\n\n<div class=\"wp-block-column is-layout-flow wp-block-column-is-layout-flow\">\n<div class=\"wp-block-cover wp-duotone-purple-yellow\"><img loading=\"lazy\" decoding=\"async\" width=\"959\" height=\"1024\" class=\"wp-block-cover__image-background wp-image-394\" alt=\"\" src=\"https:\/\/etudiant44.webuco.fr\/wp-content\/uploads\/2026\/04\/IMG_0848-959x1024.jpg\" data-object-fit=\"cover\" srcset=\"https:\/\/etudiant44.webuco.fr\/wp-content\/uploads\/2026\/04\/IMG_0848-959x1024.jpg 959w, https:\/\/etudiant44.webuco.fr\/wp-content\/uploads\/2026\/04\/IMG_0848-281x300.jpg 281w, https:\/\/etudiant44.webuco.fr\/wp-content\/uploads\/2026\/04\/IMG_0848-768x820.jpg 768w, https:\/\/etudiant44.webuco.fr\/wp-content\/uploads\/2026\/04\/IMG_0848.jpg 1206w\" sizes=\"auto, (max-width: 959px) 100vw, 959px\" \/><span aria-hidden=\"true\" class=\"wp-block-cover__background has-background-dim\"><\/span><div class=\"wp-block-cover__inner-container is-layout-flow wp-block-cover-is-layout-flow\">\n<p class=\"has-text-align-center has-large-font-size\">JAHBASS<\/p>\n<\/div><\/div>\n<\/div>\n<\/div>\n\n\n\n<div style=\"height:100px\" aria-hidden=\"true\" class=\"wp-block-spacer\"><\/div>\n\n\n\n<h3 class=\"gb-text gb-text-b8e4af74\"><strong>Avlon\u2019Fest est une exp\u00e9rience musicale et culturelle pens\u00e9e comme un moment hors du temps, entre \u00e9nergie collective, cr\u00e9ation et libert\u00e9.<\/strong><\/h3>\n\n\n\n<div style=\"height:100px\" aria-hidden=\"true\" class=\"wp-block-spacer\"><\/div>\n\n\n<div class=\"is-default-size aligncenter wp-block-site-logo\"><a href=\"https:\/\/etudiant44.webuco.fr\/\" class=\"custom-logo-link\" rel=\"home\"><img loading=\"lazy\" decoding=\"async\" width=\"110\" height=\"121\" src=\"https:\/\/etudiant44.webuco.fr\/wp-content\/uploads\/2026\/02\/Logo-Ressource-373.png\" class=\"custom-logo\" alt=\"Avlon&#039;Fest\" \/><\/a><\/div>\n\n\n<div style=\"height:100px\" aria-hidden=\"true\" class=\"wp-block-spacer\"><\/div>\n<\/div>\n<\/div>\n\n\n\n<h2 class=\"wp-block-heading\"><strong>27 \u2022 28 \u2022 29 juillet<\/strong><\/h2>\n\n\n\n<p>Trois jours de f\u00eate, de musique et de partage vous attendent dans une ambiance unique !<br>Que vous veniez pour vibrer devant les concerts, d\u00e9couvrir de nouveaux artistes ou simplement profiter du moment, tout est r\u00e9uni pour vivre une exp\u00e9rience inoubliable.<\/p>\n\n\n\n<p>Sur place, tout est pr\u00e9vu pour votre confort : restauration, boissons et espaces pour se d\u00e9tendre entre deux moments forts.<\/p>\n\n\n\n<p>\ud83d\udccd Retrouvez le lieu du festival juste ci-dessous gr\u00e2ce \u00e0 la carte immersive.<\/p>\n\n\n\n<div style=\"height:100px\" aria-hidden=\"true\" class=\"wp-block-spacer\"><\/div>\n\n\n\n<iframe\n  src=\"https:\/\/maps.google.com\/maps?q=Plage+de+la+Boirie,+Saint-Denis-d'Ol\u00e9ron&#038;output=embed\"\n  width=\"100%\"\n  height=\"400\"\n  style=\"border:0; border-radius:12px; filter: grayscale(20%) contrast(1.05);\"\n  allowfullscreen=\"\"\n  loading=\"lazy\">\n<\/iframe>\n\n\n\n\n<div style=\"height:100px\" aria-hidden=\"true\" class=\"wp-block-spacer\"><\/div>\n\n\n\n<p><strong>On n\u2019attend plus que vous !<\/strong><\/p>\n\n\n\n<div style=\"height:100px\" aria-hidden=\"true\" class=\"wp-block-spacer\"><\/div>\n\n\n\n<h2 class=\"wp-block-heading\">Inscrivez-vous \u00e0 la newsletter !<\/h2>\n\n\n<div class=\"frm_forms  with_frm_style frm_style_style-formidable\" id=\"frm_form_4_container\" data-token=\"fb384e1a7869a2737ca7394219ba6d3e\">\n<form enctype=\"multipart\/form-data\" method=\"post\" class=\"frm-show-form \" id=\"form_74nn2\" data-token=\"fb384e1a7869a2737ca7394219ba6d3e\">\n<div class=\"frm_form_fields \">\n<fieldset>\n<legend class=\"frm_screen_reader\"><\/legend>\n\n<div class=\"frm_fields_container\">\n<input type=\"hidden\" name=\"frm_action\" value=\"create\" \/>\n<input type=\"hidden\" name=\"form_id\" value=\"4\" \/>\n<input type=\"hidden\" name=\"frm_hide_fields_4\" id=\"frm_hide_fields_4\" value=\"\" \/>\n<input type=\"hidden\" name=\"form_key\" value=\"74nn2\" \/>\n<input type=\"hidden\" name=\"item_meta[0]\" value=\"\" \/>\n<input type=\"hidden\" id=\"frm_submit_entry_4\" name=\"frm_submit_entry_4\" value=\"c0666e6e59\" \/><input type=\"hidden\" name=\"_wp_http_referer\" value=\"\/index.php\/wp-json\/wp\/v2\/pages\/7\" \/><div id=\"frm_field_20_container\" class=\"frm_form_field form-field  frm_required_field frm_top_container\">\n\t<label for=\"field_16yud\" id=\"field_16yud_label\" class=\"frm_primary_label\">E-mail\n\t\t<span class=\"frm_required\" aria-hidden=\"true\">*<\/span>\n\t<\/label>\n\t<input type=\"email\" id=\"field_16yud\" name=\"item_meta[20]\" value=\"\"  data-reqmsg=\"E-mail ne peut pas \u00eatre vide.\" aria-required=\"true\" data-invmsg=\"E-mail est non valide\" aria-invalid=\"false\"  \/>\n\t\n\t\n<\/div>\n<div id=\"frm_field_19_container\" class=\"frm_form_field form-field \">\n\t<div class=\"frm_submit frm_flex\">\n<button class=\"frm_button_submit\" type=\"submit\"  >Envoyer<\/button>\n\n\n\n<\/div>\n<\/div>\n\t<input type=\"hidden\" name=\"item_key\" value=\"\" \/>\n\t\t\t<div id=\"frm_field_21_container\">\n\t\t\t<label for=\"field_hbn0m\" >\n\t\t\t\tSi vous \u00eates un humain, ne remplissez pas ce champ.\t\t\t<\/label>\n\t\t\t<input  id=\"field_hbn0m\" type=\"text\" class=\"frm_form_field form-field frm_verify\" name=\"item_meta[21]\" value=\"\"  \/>\n\t\t<\/div>\n\t\t<input name=\"frm_state\" type=\"hidden\" value=\"gN5bxnvsLhQC6AKHrgUTWgzqD5zn8tZyXBPW38BwQjw=\" \/><\/div>\n<\/fieldset>\n<\/div>\n\n<\/form>\n<\/div>\n\n\n\n<p><\/p>\n\n\n\n<div class=\"wp-block-buttons alignwide is-content-justification-center is-layout-flex wp-container-core-buttons-is-layout-16018d1d wp-block-buttons-is-layout-flex\">\n<div class=\"wp-block-button\"><a class=\"wp-block-button__link wp-element-button\" href=\"https:\/\/etudiant44.webuco.fr\/index.php\/a-propos\/\">\u00c0 propos<\/a><\/div>\n\n\n\n<div class=\"wp-block-button\"><a class=\"wp-block-button__link wp-element-button\" href=\"https:\/\/etudiant44.webuco.fr\/index.php\/les-projets-davlon\/\">Les projets d&rsquo;Avlon<\/a><\/div>\n\n\n\n<div class=\"wp-block-button\"><a class=\"wp-block-button__link wp-element-button\" href=\"https:\/\/etudiant44.webuco.fr\/index.php\/les-valeurs-davlon\/\">Les valeurs d&rsquo;Avlon<\/a><\/div>\n\n\n\n<div class=\"wp-block-button\"><a class=\"wp-block-button__link wp-element-button\">Merch exclusif<\/a><\/div>\n\n\n\n<div class=\"wp-block-button\"><a class=\"wp-block-button__link wp-element-button\" href=\"https:\/\/etudiant44.webuco.fr\/index.php\/programmation\/\">Programmation <\/a><\/div>\n\n\n\n<div class=\"wp-block-button\"><a class=\"wp-block-button__link wp-element-button\" href=\"https:\/\/etudiant44.webuco.fr\/index.php\/artistes\/\">Artistes<\/a><\/div>\n\n\n\n<div class=\"wp-block-button\"><a class=\"wp-block-button__link wp-element-button\" href=\"https:\/\/etudiant44.webuco.fr\/index.php\/actualite\/\">Actualit\u00e9<\/a><\/div>\n\n\n\n<div class=\"wp-block-button\"><a class=\"wp-block-button__link wp-element-button\" href=\"https:\/\/etudiant44.webuco.fr\/index.php\/informations-pratiques\/\">Informations pratiques <\/a><\/div>\n<\/div>\n\n\n\n<p><\/p>\n","protected":false},"excerpt":{"rendered":"<p>AVLON&rsquo;FEST 2026 Rap underground, reggae, rock, house, \u00e9lectro, et bien plus encore Avlon\u2019Fest est une exp\u00e9rience musicale et culturelle pens\u00e9e comme un moment hors du temps, entre \u00e9nergie collective, cr\u00e9ation et libert\u00e9. 27 \u2022 28 \u2022 29 juillet Trois jours de f\u00eate, de musique et de partage vous attendent dans une ambiance unique !Que vous &#8230; <a title=\"Accueil\" class=\"read-more\" href=\"https:\/\/etudiant44.webuco.fr\/\" aria-label=\"En savoir plus sur Accueil\">Lire la suite<\/a><\/p>\n","protected":false},"author":1,"featured_media":0,"parent":0,"menu_order":0,"comment_status":"closed","ping_status":"closed","template":"","meta":{"footnotes":""},"class_list":["post-7","page","type-page","status-publish"],"_links":{"self":[{"href":"https:\/\/etudiant44.webuco.fr\/index.php\/wp-json\/wp\/v2\/pages\/7","targetHints":{"allow":["GET"]}}],"collection":[{"href":"https:\/\/etudiant44.webuco.fr\/index.php\/wp-json\/wp\/v2\/pages"}],"about":[{"href":"https:\/\/etudiant44.webuco.fr\/index.php\/wp-json\/wp\/v2\/types\/page"}],"author":[{"embeddable":true,"href":"https:\/\/etudiant44.webuco.fr\/index.php\/wp-json\/wp\/v2\/users\/1"}],"replies":[{"embeddable":true,"href":"https:\/\/etudiant44.webuco.fr\/index.php\/wp-json\/wp\/v2\/comments?post=7"}],"version-history":[{"count":40,"href":"https:\/\/etudiant44.webuco.fr\/index.php\/wp-json\/wp\/v2\/pages\/7\/revisions"}],"predecessor-version":[{"id":449,"href":"https:\/\/etudiant44.webuco.fr\/index.php\/wp-json\/wp\/v2\/pages\/7\/revisions\/449"}],"wp:attachment":[{"href":"https:\/\/etudiant44.webuco.fr\/index.php\/wp-json\/wp\/v2\/media?parent=7"}],"curies":[{"name":"wp","href":"https:\/\/api.w.org\/{rel}","templated":true}]}}