{"id":80,"date":"2026-02-10T18:37:17","date_gmt":"2026-02-10T17:37:17","guid":{"rendered":"https:\/\/etudiant44.webuco.fr\/?page_id=80"},"modified":"2026-04-29T16:54:23","modified_gmt":"2026-04-29T14:54:23","slug":"les-valeurs-davlon","status":"publish","type":"page","link":"https:\/\/etudiant44.webuco.fr\/index.php\/les-valeurs-davlon\/","title":{"rendered":"Les valeurs d&rsquo;Avlon"},"content":{"rendered":"\n<div class=\"gb-element-89146f81\">\n<div class=\"wp-block-columns is-layout-flex wp-container-core-columns-is-layout-9d6595d7 wp-block-columns-is-layout-flex\">\n<div class=\"wp-block-column is-layout-flow wp-block-column-is-layout-flow\"><\/div>\n\n\n\n<div class=\"wp-block-column is-layout-flow wp-block-column-is-layout-flow\"><\/div>\n<\/div>\n\n\n\n<div style=\"height:100px\" aria-hidden=\"true\" class=\"wp-block-spacer\"><\/div>\n<\/div>\n\n\n\n<h4 class=\"gb-text\">Au c\u0153ur du projet, les valeurs d\u2019Avlon constituent un v\u00e9ritable fil conducteur, guidant chaque d\u00e9cision et chaque direction artistique. Elles permettent de donner du sens \u00e0 l\u2019ensemble des initiatives, qu\u2019il s\u2019agisse de la cr\u00e9ation des collections, de l\u2019organisation d\u2019\u00e9v\u00e9nements ou du d\u00e9veloppement de nouveaux projets.<br>Plus qu\u2019un simple cadre, ces valeurs d\u00e9finissent une vision commune et une mani\u00e8re d\u2019aborder la cr\u00e9ation, en mettant l\u2019accent sur l\u2019authenticit\u00e9, l\u2019expression personnelle et l\u2019ouverture. Elles participent \u00e0 construire un univers coh\u00e9rent, dans lequel chaque \u00e9l\u00e9ment trouve sa place et contribue \u00e0 l\u2019identit\u00e9 globale d\u2019Avlon.<\/h4>\n\n\n\n<div style=\"height:100px\" aria-hidden=\"true\" class=\"wp-block-spacer\"><\/div>\n\n\n\n<div class=\"wp-block-columns is-layout-flex wp-container-core-columns-is-layout-9d6595d7 wp-block-columns-is-layout-flex\">\n<div class=\"wp-block-column is-layout-flow wp-block-column-is-layout-flow\">\n<h2 class=\"wp-block-heading\"><strong><em>Cr\u00e9ativit\u00e9<\/em><\/strong><\/h2>\n\n\n\n<figure class=\"wp-block-image size-large is-resized\"><img loading=\"lazy\" decoding=\"async\" width=\"1024\" height=\"683\" src=\"https:\/\/etudiant44.webuco.fr\/wp-content\/uploads\/2026\/04\/klimkin-merry-christmas-1093758_1920-1024x683.jpg\" alt=\"\" class=\"wp-image-344\" style=\"width:auto;height:400px\" srcset=\"https:\/\/etudiant44.webuco.fr\/wp-content\/uploads\/2026\/04\/klimkin-merry-christmas-1093758_1920-1024x683.jpg 1024w, https:\/\/etudiant44.webuco.fr\/wp-content\/uploads\/2026\/04\/klimkin-merry-christmas-1093758_1920-300x200.jpg 300w, https:\/\/etudiant44.webuco.fr\/wp-content\/uploads\/2026\/04\/klimkin-merry-christmas-1093758_1920-768x512.jpg 768w, https:\/\/etudiant44.webuco.fr\/wp-content\/uploads\/2026\/04\/klimkin-merry-christmas-1093758_1920-1536x1024.jpg 1536w, https:\/\/etudiant44.webuco.fr\/wp-content\/uploads\/2026\/04\/klimkin-merry-christmas-1093758_1920.jpg 1920w\" sizes=\"auto, (max-width: 1024px) 100vw, 1024px\" \/><\/figure>\n\n\n\n<p><br>La musique, la mode et l\u2019art sont au c\u0153ur de l\u2019univers Avlon. Les projets sont imagin\u00e9s comme des espaces d\u2019exp\u00e9rimentation et d\u2019inspiration.<\/p>\n\n\n\n<h2 class=\"wp-block-heading\"><br><strong><em>\u00c9picurisme<\/em><\/strong><\/h2>\n\n\n\n<figure class=\"wp-block-image size-large is-resized\"><img loading=\"lazy\" decoding=\"async\" width=\"1024\" height=\"671\" src=\"https:\/\/etudiant44.webuco.fr\/wp-content\/uploads\/2026\/04\/sasint-children-1822704_1920-1024x671.jpg\" alt=\"\" class=\"wp-image-345\" style=\"width:auto;height:400px\" srcset=\"https:\/\/etudiant44.webuco.fr\/wp-content\/uploads\/2026\/04\/sasint-children-1822704_1920-1024x671.jpg 1024w, https:\/\/etudiant44.webuco.fr\/wp-content\/uploads\/2026\/04\/sasint-children-1822704_1920-300x197.jpg 300w, https:\/\/etudiant44.webuco.fr\/wp-content\/uploads\/2026\/04\/sasint-children-1822704_1920-768x504.jpg 768w, https:\/\/etudiant44.webuco.fr\/wp-content\/uploads\/2026\/04\/sasint-children-1822704_1920-1536x1007.jpg 1536w, https:\/\/etudiant44.webuco.fr\/wp-content\/uploads\/2026\/04\/sasint-children-1822704_1920.jpg 1920w\" sizes=\"auto, (max-width: 1024px) 100vw, 1024px\" \/><\/figure>\n\n\n\n<p><strong><br><\/strong>Avlon c\u00e9l\u00e8bre les plaisirs simples : la musique, les rencontres, les couchers de soleil et les moments v\u00e9cus pleinement.<br><\/p>\n<\/div>\n\n\n\n<div class=\"wp-block-column is-layout-flow wp-block-column-is-layout-flow\">\n<h2 class=\"wp-block-heading\"><strong><em>Libert\u00e9<\/em><\/strong><\/h2>\n\n\n\n<figure class=\"wp-block-image size-large is-resized\"><img loading=\"lazy\" decoding=\"async\" width=\"1024\" height=\"683\" src=\"https:\/\/etudiant44.webuco.fr\/wp-content\/uploads\/2026\/04\/publicco-ocean-2203720_1920-1-1024x683.jpg\" alt=\"\" class=\"wp-image-343\" style=\"object-fit:cover;width:50000px;height:400px\" srcset=\"https:\/\/etudiant44.webuco.fr\/wp-content\/uploads\/2026\/04\/publicco-ocean-2203720_1920-1-1024x683.jpg 1024w, https:\/\/etudiant44.webuco.fr\/wp-content\/uploads\/2026\/04\/publicco-ocean-2203720_1920-1-300x200.jpg 300w, https:\/\/etudiant44.webuco.fr\/wp-content\/uploads\/2026\/04\/publicco-ocean-2203720_1920-1-768x512.jpg 768w, https:\/\/etudiant44.webuco.fr\/wp-content\/uploads\/2026\/04\/publicco-ocean-2203720_1920-1-1536x1024.jpg 1536w, https:\/\/etudiant44.webuco.fr\/wp-content\/uploads\/2026\/04\/publicco-ocean-2203720_1920-1.jpg 1920w\" sizes=\"auto, (max-width: 1024px) 100vw, 1024px\" \/><\/figure>\n\n\n\n<p><br>Avlon encourage chacun \u00e0 s\u2019exprimer librement, \u00e0 suivre ses envies et \u00e0 cr\u00e9er sans se limiter aux codes traditionnels.<\/p>\n\n\n\n<h2 class=\"wp-block-heading\"><br><strong><em>Singularit\u00e9<\/em><\/strong><\/h2>\n\n\n\n<figure class=\"wp-block-image size-large is-resized\"><img loading=\"lazy\" decoding=\"async\" width=\"1024\" height=\"576\" src=\"https:\/\/etudiant44.webuco.fr\/wp-content\/uploads\/2026\/04\/kingrise-crowd-5498373_1920-1024x576.jpg\" alt=\"\" class=\"wp-image-348\" style=\"width:auto;height:400px\" srcset=\"https:\/\/etudiant44.webuco.fr\/wp-content\/uploads\/2026\/04\/kingrise-crowd-5498373_1920-1024x576.jpg 1024w, https:\/\/etudiant44.webuco.fr\/wp-content\/uploads\/2026\/04\/kingrise-crowd-5498373_1920-300x169.jpg 300w, https:\/\/etudiant44.webuco.fr\/wp-content\/uploads\/2026\/04\/kingrise-crowd-5498373_1920-768x432.jpg 768w, https:\/\/etudiant44.webuco.fr\/wp-content\/uploads\/2026\/04\/kingrise-crowd-5498373_1920-1536x864.jpg 1536w, https:\/\/etudiant44.webuco.fr\/wp-content\/uploads\/2026\/04\/kingrise-crowd-5498373_1920.jpg 1920w\" sizes=\"auto, (max-width: 1024px) 100vw, 1024px\" \/><\/figure>\n\n\n\n<p><\/p>\n\n\n\n<p><br>La marque valorise l\u2019originalit\u00e9 et l\u2019authenticit\u00e9. Chaque projet est pens\u00e9 pour refl\u00e9ter une identit\u00e9 forte et diff\u00e9rente.<\/p>\n<\/div>\n<\/div>\n\n\n\n<div style=\"height:100px\" aria-hidden=\"true\" class=\"wp-block-spacer\"><\/div>\n\n\n\n<h4 class=\"gb-text\">Ces valeurs donnent du sens \u00e0 chaque initiative et participent \u00e0 construire l\u2019univers Avlon dans sa globalit\u00e9.<\/h4>\n\n\n\n<div style=\"height:100px\" aria-hidden=\"true\" class=\"wp-block-spacer\"><\/div>\n\n\n\n<div class=\"wp-block-buttons is-content-justification-center is-layout-flex wp-container-core-buttons-is-layout-16018d1d wp-block-buttons-is-layout-flex\">\n<div class=\"wp-block-button\"><a class=\"wp-block-button__link wp-element-button\" href=\"https:\/\/etudiant44.webuco.fr\/index.php\/a-propos\/\">\u00c0 propos<\/a><\/div>\n\n\n\n<div class=\"wp-block-button\"><a class=\"wp-block-button__link wp-element-button\" href=\"https:\/\/etudiant44.webuco.fr\/index.php\/les-projets-davlon\/\">Les projets d&rsquo;Avlon<\/a><\/div>\n\n\n\n<div class=\"wp-block-button\"><a class=\"wp-block-button__link wp-element-button\" href=\"https:\/\/etudiant44.webuco.fr\/index.php\/merch-exclusif\/\">Merch exclusif<\/a><\/div>\n\n\n\n<div class=\"wp-block-button\"><a class=\"wp-block-button__link wp-element-button\" href=\"https:\/\/etudiant44.webuco.fr\/index.php\/programmation\/\">Programmation <\/a><\/div>\n\n\n\n<div class=\"wp-block-button\"><a class=\"wp-block-button__link wp-element-button\" href=\"https:\/\/etudiant44.webuco.fr\/index.php\/artistes\/\">Artistes<\/a><\/div>\n\n\n\n<div class=\"wp-block-button\"><a class=\"wp-block-button__link wp-element-button\" href=\"https:\/\/etudiant44.webuco.fr\/index.php\/actualite\/\">Actualit\u00e9<\/a><\/div>\n\n\n\n<div class=\"wp-block-button\"><a class=\"wp-block-button__link wp-element-button\" href=\"https:\/\/etudiant44.webuco.fr\/index.php\/informations-pratiques\/\">Informations pratiques<\/a><\/div>\n\n\n\n<div class=\"wp-block-button\"><a class=\"wp-block-button__link wp-element-button\">Accueil<\/a><\/div>\n<\/div>\n","protected":false},"excerpt":{"rendered":"<p>Au c\u0153ur du projet, les valeurs d\u2019Avlon constituent un v\u00e9ritable fil conducteur, guidant chaque d\u00e9cision et chaque direction artistique. Elles permettent de donner du sens \u00e0 l\u2019ensemble des initiatives, qu\u2019il s\u2019agisse de la cr\u00e9ation des collections, de l\u2019organisation d\u2019\u00e9v\u00e9nements ou du d\u00e9veloppement de nouveaux projets.Plus qu\u2019un simple cadre, ces valeurs d\u00e9finissent une vision commune et &#8230; <a title=\"Les valeurs d&rsquo;Avlon\" class=\"read-more\" href=\"https:\/\/etudiant44.webuco.fr\/index.php\/les-valeurs-davlon\/\" aria-label=\"En savoir plus sur Les valeurs d&rsquo;Avlon\">Lire la suite<\/a><\/p>\n","protected":false},"author":1,"featured_media":0,"parent":0,"menu_order":0,"comment_status":"closed","ping_status":"closed","template":"","meta":{"footnotes":""},"class_list":["post-80","page","type-page","status-publish"],"_links":{"self":[{"href":"https:\/\/etudiant44.webuco.fr\/index.php\/wp-json\/wp\/v2\/pages\/80","targetHints":{"allow":["GET"]}}],"collection":[{"href":"https:\/\/etudiant44.webuco.fr\/index.php\/wp-json\/wp\/v2\/pages"}],"about":[{"href":"https:\/\/etudiant44.webuco.fr\/index.php\/wp-json\/wp\/v2\/types\/page"}],"author":[{"embeddable":true,"href":"https:\/\/etudiant44.webuco.fr\/index.php\/wp-json\/wp\/v2\/users\/1"}],"replies":[{"embeddable":true,"href":"https:\/\/etudiant44.webuco.fr\/index.php\/wp-json\/wp\/v2\/comments?post=80"}],"version-history":[{"count":12,"href":"https:\/\/etudiant44.webuco.fr\/index.php\/wp-json\/wp\/v2\/pages\/80\/revisions"}],"predecessor-version":[{"id":464,"href":"https:\/\/etudiant44.webuco.fr\/index.php\/wp-json\/wp\/v2\/pages\/80\/revisions\/464"}],"wp:attachment":[{"href":"https:\/\/etudiant44.webuco.fr\/index.php\/wp-json\/wp\/v2\/media?parent=80"}],"curies":[{"name":"wp","href":"https:\/\/api.w.org\/{rel}","templated":true}]}}