{"id":82,"date":"2026-02-10T18:39:31","date_gmt":"2026-02-10T17:39:31","guid":{"rendered":"https:\/\/etudiant44.webuco.fr\/?page_id=82"},"modified":"2026-04-29T16:07:27","modified_gmt":"2026-04-29T14:07:27","slug":"les-projets-davlon","status":"publish","type":"page","link":"https:\/\/etudiant44.webuco.fr\/index.php\/les-projets-davlon\/","title":{"rendered":"Les projets d&rsquo;Avlon"},"content":{"rendered":"\n<div style=\"height:100px\" aria-hidden=\"true\" class=\"wp-block-spacer\"><\/div>\n\n\n\n<div style=\"height:100px\" aria-hidden=\"true\" class=\"wp-block-spacer\"><\/div>\n\n\n\n<div class=\"wp-block-media-text has-media-on-the-right is-stacked-on-mobile\" style=\"grid-template-columns:auto 33%\"><div class=\"wp-block-media-text__content\">\n<div class=\"wp-block-columns is-layout-flex wp-container-core-columns-is-layout-9d6595d7 wp-block-columns-is-layout-flex\">\n<div class=\"wp-block-column is-layout-flow wp-block-column-is-layout-flow\">\n<p class=\"gb-text\">Avlon se d\u00e9veloppe \u00e0 travers diff\u00e9rents projets cr\u00e9atifs qui m\u00ealent mode, musique et culture, avec l\u2019objectif de construire un univers coh\u00e9rent et identifiable. <\/p>\n\n\n\n<p>Chaque initiative s\u2019inscrit dans une d\u00e9marche globale o\u00f9 les disciplines se compl\u00e8tent et s\u2019enrichissent mutuellement, plut\u00f4t que d\u2019exister s\u00e9par\u00e9ment.<\/p>\n\n\n\n<p><br>La marque de v\u00eatements constitue le point de d\u00e9part du projet. <\/p>\n<\/div>\n\n\n\n<div class=\"wp-block-column is-layout-flow wp-block-column-is-layout-flow\">\n<p>Chaque pi\u00e8ce est pens\u00e9e comme un moyen d\u2019expression, inspir\u00e9 par l\u2019univers musical, les cultures contemporaines et les environnements urbains.<\/p>\n\n\n\n<p class=\"gb-text\">Au-del\u00e0 de l\u2019aspect esth\u00e9tique, les collections cherchent \u00e0 transmettre une identit\u00e9 et une \u00e9motion, en reliant les v\u00eatements \u00e0 des r\u00e9f\u00e9rences culturelles fortes.<\/p>\n\n\n\n<p>Cette approche permet de cr\u00e9er une continuit\u00e9 entre les diff\u00e9rents projets Avlon, o\u00f9 la mode devient un langage commun et une base pour d\u00e9velopper d\u2019autres exp\u00e9riences comme le festival.<\/p>\n<\/div>\n<\/div>\n<\/div><figure class=\"wp-block-media-text__media\"><img loading=\"lazy\" decoding=\"async\" width=\"771\" height=\"1024\" src=\"https:\/\/etudiant44.webuco.fr\/wp-content\/uploads\/2026\/04\/vilkasss-textile-9290467-771x1024.jpg\" alt=\"\" class=\"wp-image-248 size-full\" srcset=\"https:\/\/etudiant44.webuco.fr\/wp-content\/uploads\/2026\/04\/vilkasss-textile-9290467-771x1024.jpg 771w, https:\/\/etudiant44.webuco.fr\/wp-content\/uploads\/2026\/04\/vilkasss-textile-9290467-226x300.jpg 226w, https:\/\/etudiant44.webuco.fr\/wp-content\/uploads\/2026\/04\/vilkasss-textile-9290467-768x1020.jpg 768w, https:\/\/etudiant44.webuco.fr\/wp-content\/uploads\/2026\/04\/vilkasss-textile-9290467-1157x1536.jpg 1157w, https:\/\/etudiant44.webuco.fr\/wp-content\/uploads\/2026\/04\/vilkasss-textile-9290467-1543x2048.jpg 1543w, https:\/\/etudiant44.webuco.fr\/wp-content\/uploads\/2026\/04\/vilkasss-textile-9290467-scaled.jpg 1928w\" sizes=\"auto, (max-width: 771px) 100vw, 771px\" \/><\/figure><\/div>\n\n\n\n<div style=\"height:100px\" aria-hidden=\"true\" class=\"wp-block-spacer\"><\/div>\n\n\n<div class=\"is-default-size aligncenter wp-block-site-logo\"><a href=\"https:\/\/etudiant44.webuco.fr\/\" class=\"custom-logo-link\" rel=\"home\"><img loading=\"lazy\" decoding=\"async\" width=\"110\" height=\"121\" src=\"https:\/\/etudiant44.webuco.fr\/wp-content\/uploads\/2026\/02\/Logo-Ressource-373.png\" class=\"custom-logo\" alt=\"Avlon&#039;Fest\" \/><\/a><\/div>\n\n\n<div style=\"height:100px\" aria-hidden=\"true\" class=\"wp-block-spacer\"><\/div>\n\n\n\n<div class=\"wp-block-media-text is-stacked-on-mobile\" style=\"grid-template-columns:58% auto\"><figure class=\"wp-block-media-text__media\"><img loading=\"lazy\" decoding=\"async\" width=\"1024\" height=\"683\" src=\"https:\/\/etudiant44.webuco.fr\/wp-content\/uploads\/2026\/04\/danikprihodko-concert-5878452_1920-1024x683.jpg\" alt=\"\" class=\"wp-image-249 size-full\" srcset=\"https:\/\/etudiant44.webuco.fr\/wp-content\/uploads\/2026\/04\/danikprihodko-concert-5878452_1920-1024x683.jpg 1024w, https:\/\/etudiant44.webuco.fr\/wp-content\/uploads\/2026\/04\/danikprihodko-concert-5878452_1920-300x200.jpg 300w, https:\/\/etudiant44.webuco.fr\/wp-content\/uploads\/2026\/04\/danikprihodko-concert-5878452_1920-768x512.jpg 768w, https:\/\/etudiant44.webuco.fr\/wp-content\/uploads\/2026\/04\/danikprihodko-concert-5878452_1920-1536x1024.jpg 1536w, https:\/\/etudiant44.webuco.fr\/wp-content\/uploads\/2026\/04\/danikprihodko-concert-5878452_1920.jpg 1920w\" sizes=\"auto, (max-width: 1024px) 100vw, 1024px\" \/><\/figure><div class=\"wp-block-media-text__content\">\n<p class=\"gb-text\"><strong>Avlon\u2019Fest<\/strong> repr\u00e9sente une extension naturelle de cet univers. Le festival rassemble artistes \u00e9mergents, DJ et publics curieux autour d\u2019une exp\u00e9rience musicale et festive au bord de l\u2019oc\u00e9an.<\/p>\n\n\n\n<p><br>\u00c0 travers ces initiatives, Avlon souhaite construire une communaut\u00e9 ouverte, cr\u00e9ative et passionn\u00e9e, o\u00f9 la musique, la mode et les rencontres occupent une place centrale.<\/p>\n\n\n\n<p><br>D\u2019autres projets pourraient voir le jour dans le futur : collaborations artistiques, \u00e9v\u00e9nements culturels ou nouvelles collections.<\/p>\n<\/div><\/div>\n\n\n\n<div style=\"height:100px\" aria-hidden=\"true\" class=\"wp-block-spacer\"><\/div>\n\n\n\n<div class=\"wp-block-buttons is-content-justification-center is-layout-flex wp-container-core-buttons-is-layout-16018d1d wp-block-buttons-is-layout-flex\">\n<div class=\"wp-block-button\"><a class=\"wp-block-button__link wp-element-button\" href=\"https:\/\/etudiant44.webuco.fr\/index.php\/a-propos\/\">\u00c0 propos<\/a><\/div>\n\n\n\n<div class=\"wp-block-button\"><a class=\"wp-block-button__link wp-element-button\" href=\"https:\/\/etudiant44.webuco.fr\/index.php\/les-valeurs-davlon\/\">Les valeurs d&rsquo;Avlon<\/a><\/div>\n\n\n\n<div class=\"wp-block-button\"><a class=\"wp-block-button__link wp-element-button\" href=\"https:\/\/etudiant44.webuco.fr\/index.php\/merch-exclusif\/\">Merch exclusif<\/a><\/div>\n\n\n\n<div class=\"wp-block-button\"><a class=\"wp-block-button__link wp-element-button\" href=\"https:\/\/etudiant44.webuco.fr\/index.php\/programmation\/\">Programmation <\/a><\/div>\n\n\n\n<div class=\"wp-block-button\"><a class=\"wp-block-button__link wp-element-button\" href=\"https:\/\/etudiant44.webuco.fr\/index.php\/artistes\/\">Artistes<\/a><\/div>\n\n\n\n<div class=\"wp-block-button\"><a class=\"wp-block-button__link wp-element-button\" href=\"https:\/\/etudiant44.webuco.fr\/index.php\/actualite\/\">Actualit\u00e9<\/a><\/div>\n\n\n\n<div class=\"wp-block-button\"><a class=\"wp-block-button__link wp-element-button\" href=\"https:\/\/etudiant44.webuco.fr\/index.php\/informations-pratiques\/\">Informations pratiques<\/a><\/div>\n\n\n\n<div class=\"wp-block-button\"><a class=\"wp-block-button__link wp-element-button\">Accueil <\/a><\/div>\n\n\n<\/div>\n","protected":false},"excerpt":{"rendered":"","protected":false},"author":1,"featured_media":331,"parent":0,"menu_order":0,"comment_status":"closed","ping_status":"closed","template":"","meta":{"footnotes":""},"class_list":["post-82","page","type-page","status-publish","has-post-thumbnail"],"_links":{"self":[{"href":"https:\/\/etudiant44.webuco.fr\/index.php\/wp-json\/wp\/v2\/pages\/82","targetHints":{"allow":["GET"]}}],"collection":[{"href":"https:\/\/etudiant44.webuco.fr\/index.php\/wp-json\/wp\/v2\/pages"}],"about":[{"href":"https:\/\/etudiant44.webuco.fr\/index.php\/wp-json\/wp\/v2\/types\/page"}],"author":[{"embeddable":true,"href":"https:\/\/etudiant44.webuco.fr\/index.php\/wp-json\/wp\/v2\/users\/1"}],"replies":[{"embeddable":true,"href":"https:\/\/etudiant44.webuco.fr\/index.php\/wp-json\/wp\/v2\/comments?post=82"}],"version-history":[{"count":18,"href":"https:\/\/etudiant44.webuco.fr\/index.php\/wp-json\/wp\/v2\/pages\/82\/revisions"}],"predecessor-version":[{"id":420,"href":"https:\/\/etudiant44.webuco.fr\/index.php\/wp-json\/wp\/v2\/pages\/82\/revisions\/420"}],"wp:featuredmedia":[{"embeddable":true,"href":"https:\/\/etudiant44.webuco.fr\/index.php\/wp-json\/wp\/v2\/media\/331"}],"wp:attachment":[{"href":"https:\/\/etudiant44.webuco.fr\/index.php\/wp-json\/wp\/v2\/media?parent=82"}],"curies":[{"name":"wp","href":"https:\/\/api.w.org\/{rel}","templated":true}]}}